{"id":10,"date":"2026-01-23T11:58:45","date_gmt":"2026-01-23T10:58:45","guid":{"rendered":"http:\/\/chambres-hotes-sarzeau.fr\/?page_id=10"},"modified":"2026-03-04T15:49:48","modified_gmt":"2026-03-04T14:49:48","slug":"remboursements_retours","status":"publish","type":"page","link":"https:\/\/chambres-hotes-sarzeau.fr\/index.php\/remboursements_retours\/","title":{"rendered":"Termes et Conditions g\u00e9n\u00e9rales"},"content":{"rendered":"\n<h2 class=\"wp-block-heading has-text-align-center has-primary-color has-text-color has-link-color wp-elements-d19d76332722f00bf8c05e0025f41c46\" style=\"font-size:clamp(16.293px, 1.018rem + ((1vw - 3.2px) * 0.898), 25px);\"><strong>Conditions g\u00e9n\u00e9rales de location G\u00eete Bambou<\/strong><\/h2>\n\n\n\n<p><strong>Article 1 &#8211; <\/strong><\/p>\n\n\n\n<p>La r\u00e9servation sera d\u00e9finitive apr\u00e8s que le locataire ait fait parvenir au propri\u00e9taire&nbsp;:<\/p>\n\n\n\n<ul class=\"wp-block-list\">\n<li>L&rsquo;attestation d&rsquo;assurance vill\u00e9giature que vous pourrez obtenir aupr\u00e8s de votre assureur.<\/li>\n<\/ul>\n\n\n\n<p>La location conclue entre les parties au pr\u00e9sent acte ne peut en aucun cas b\u00e9n\u00e9ficier (m\u00eame partiellement) \u00e0 des tiers, personnes physiques ou morales &#8211; sauf accord \u00e9crit du propri\u00e9taire. Toute infraction \u00e0 ce dernier alin\u00e9a serait susceptible d&rsquo;entra\u00eener la r\u00e9siliation imm\u00e9diate de la location aux torts du locataire, le produit de la location restant d\u00e9finitivement acquis au propri\u00e9taire.<\/p>\n\n\n\n<p><strong>Article 2 &#8211; Annulation par le locataire :<\/strong><\/p>\n\n\n\n<p>En cas d&rsquo;annulation, le propri\u00e9taire doit \u00eatre pr\u00e9venu par \u00e9crit dans les plus brefs d\u00e9lais. Les sommes vers\u00e9es restent acquises au propri\u00e9taire si l&rsquo;annulation est notifi\u00e9e dans un d\u00e9lai inf\u00e9rieur \u00e0 60 jours avant le d\u00e9but du s\u00e9jour. Si le s\u00e9jour est \u00e9court\u00e9, le prix de la location reste acquis au propri\u00e9taire. Il ne sera proc\u00e9d\u00e9 \u00e0 aucun remboursement.<\/p>\n\n\n\n<p><strong>Article 3 &#8211; Annulation par le propri\u00e9taire :<\/strong><\/p>\n\n\n\n<p>En cas d&rsquo;annulation de la location par le propri\u00e9taire, celui-ci remboursera au locataire l&rsquo;int\u00e9gralit\u00e9 des sommes vers\u00e9es.<\/p>\n\n\n\n<p><strong>Article 4 &#8211; Arriv\u00e9e \/ D\u00e9part :<\/strong><\/p>\n\n\n\n<p>Les locations se font du jour d&rsquo;arriv\u00e9e entre 17 heures et 19 heures, au jour de d\u00e9part avant 11 heures, sauf accord pr\u00e9alable. <\/p>\n\n\n\n<p>En cas d&rsquo;arriv\u00e9e diff\u00e9r\u00e9e, le locataire devra pr\u00e9venir le propri\u00e9taire. Si le locataire ne s&rsquo;est pas pr\u00e9sent\u00e9 le jour mentionn\u00e9 et sans avis notifi\u00e9 au propri\u00e9taire, les sommes vers\u00e9es restent acquises au propri\u00e9taire, qui peut disposer de son appartement.<\/p>\n\n\n\n<p><strong>Article 5 &#8211; Paiement :<\/strong><\/p>\n\n\n\n<p>La prise de possession des lieux deviendra effective d\u00e8s lors que le locataire aura remis au propri\u00e9taire, ou la personne charg\u00e9e de la remise des cl\u00e9s&nbsp;:<\/p>\n\n\n\n<p>La caution d\u2019un montant de 400\u20ac<\/p>\n\n\n\n<p><strong>Article 6 &#8211; \u00c9tat des lieux et inventaire :<\/strong><\/p>\n\n\n\n<p>L&rsquo;\u00e9tat des lieux et l&rsquo;inventaire du mobilier et des \u00e9quipements seront faits contradictoirement au d\u00e9but et \u00e0 la fin du s\u00e9jour par le propri\u00e9taire ou son repr\u00e9sentant et le locataire. L&rsquo;\u00e9tat de propret\u00e9 de l\u2019appartement \u00e0 l&rsquo;arriv\u00e9e du locataire devra \u00eatre constat\u00e9 dans l&rsquo;\u00e9tat des lieux. Le nettoyage des locaux est \u00e0 Ia charge du locataire pendant la p\u00e9riode de location et avant son d\u00e9part. Le montant des \u00e9ventuels frais de m\u00e9nage suppl\u00e9mentaires, blanchisserie, d\u00e9gradations sera retenu sur la caution.<\/p>\n\n\n\n<p><strong>Article 7 &#8211; D\u00e9p\u00f4t de garantie ou caution :<\/strong><\/p>\n\n\n\n<p>Un d\u00e9p\u00f4t de garantie de 400 euros est demand\u00e9 par le propri\u00e9taire au moment de l\u2019entr\u00e9e dans les lieux. Ce ch\u00e8que de d\u00e9p\u00f4t non encaiss\u00e9, sera restitu\u00e9 par le propri\u00e9taire 1 semaine apr\u00e8s la sortie, en prenant en compte l&rsquo;\u00e9tablissement contradictoire de l&rsquo;\u00e9tat des lieux de sortie, d\u00e9duction faite du co\u00fbt de remise en \u00e9tat des lieux si des d\u00e9gradations \u00e9taient constat\u00e9es. Si le montant du d\u00e9p\u00f4t de garantie est insuffisant, le locataire s&rsquo;engage \u00e0 parfaire la somme apr\u00e8s l&rsquo;inventaire de sortie. En cas de d\u00e9part anticip\u00e9 emp\u00eachant l&rsquo;\u00e9tablissement contradictoire de l&rsquo;\u00e9tat des lieux le jour m\u00eame du d\u00e9part du locataire, le d\u00e9p\u00f4t de garantie sera renvoy\u00e9 par le propri\u00e9taire dans un d\u00e9lai n&rsquo;exc\u00e9dant pas une semaine.<\/p>\n\n\n\n<p><strong>Article 8 &#8211; Dur\u00e9e du s\u00e9jour :<\/strong><\/p>\n\n\n\n<p>Le locataire ne pourra en aucune circonstance se pr\u00e9valoir d&rsquo;un quelconque droit au maintien dans les lieux \u00e0 l&rsquo;issue du s\u00e9jour.<\/p>\n\n\n\n<p><strong>Article 9 &#8211; Utilisation des lieux :<\/strong><\/p>\n\n\n\n<p>Le locataire jouira de la location d&rsquo;une mani\u00e8re paisible et en fera bon usage, conform\u00e9ment \u00e0 la destination des lieux. Le locataire s&rsquo;engage \u00e0 rendre \u00e0 son d\u00e9part le meubl\u00e9 aussi propre et rang\u00e9 qu&rsquo;il l&rsquo;aura trouv\u00e9 \u00e0 son arriv\u00e9e.<\/p>\n\n\n\n<p>L&rsquo;ensemble du mat\u00e9riel figurant \u00e0 l&rsquo;inventaire devra \u00eatre remis \u00e0 la place qu&rsquo;il occupait lors de l&rsquo;entr\u00e9e dans les lieux.<\/p>\n\n\n\n<p><strong>Article 10 &#8211; Capacit\u00e9 :<\/strong> Si le nombre de locataires d\u00e9passe la capacit\u00e9 d&rsquo;accueil de 2 personnes adultes, le propri\u00e9taire peut refuser les personnes suppl\u00e9mentaires.<\/p>\n\n\n\n<p><strong>Article 11 &#8211; Taxe de s\u00e9jour :<\/strong> Il sera demand\u00e9 au locataire la somme de 0,80 \u20ac par personne et par jour \u00e0 r\u00e9gler \u00e0 l&rsquo;arriv\u00e9e.<\/p>\n\n\n\n<p><strong>Article 12 &#8211; Eau et \u00c9lectricit\u00e9 :<\/strong><\/p>\n\n\n\n<p>La fourniture de l&rsquo;eau est incluse dans le prix de la location, dans la mesure d\u2019une utilisation \u00ab normale \u00bb.<\/p>\n\n\n\n<p>La fourniture de l&rsquo;\u00e9lectricit\u00e9 est incluse dans le prix de la location dans la limite d\u2019une utilisation \u00ab\u00a0normale\u00a0\u00bb des \u00e9quipements mis \u00e0 disposition.<\/p>\n\n\n\n<p><strong>Article 13 \u2013 Animaux :<\/strong><\/p>\n\n\n\n<p>Le locataire ne peut s\u00e9journer en compagnie d&rsquo;un animal domestique. En cas de non-respect de cette clause par le locataire, le propri\u00e9taire ou son repr\u00e9sentant peut refuser le s\u00e9jour. Si constatation de la pr\u00e9sence d\u2019un animal est faite lors de l\u2019inventaire de sortie, les frais de m\u00e9nage suppl\u00e9mentaires seront appliqu\u00e9s (article 6).<\/p>\n\n\n\n<p><strong>Article 14 \u2013 Non-fumeur :<\/strong><\/p>\n\n\n\n<p>Les locaux mis \u00e0 disposition sont r\u00e9put\u00e9s \u00ab&nbsp;non-fumeurs&nbsp;\u00bb&nbsp;; le locataire s\u2019engage \u00e0 respecter cette r\u00e9glementation. Si constatation est faite lors de l\u2019inventaire de sortie, les frais de m\u00e9nage et\/ou de blanchisserie suppl\u00e9mentaires seront appliqu\u00e9s (article 6).<\/p>\n\n\n\n<p><\/p>\n\n\n\n<p><\/p>\n\n\n\n<h2 class=\"wp-block-heading has-text-align-center has-primary-color has-text-color has-link-color wp-elements-268996950e7b574c5425bc56419a217e\" style=\"font-size:clamp(16.293px, 1.018rem + ((1vw - 3.2px) * 0.898), 25px);\"><strong>Conditions g\u00e9n\u00e9rales de location des Chambres d&rsquo;h\u00f4tes<\/strong><\/h2>\n\n\n\n<p><strong>Dispositions g\u00e9n\u00e9rales<\/strong> : Le locataire ne pourra en aucune circonstance se pr\u00e9valoir d&rsquo;un quelconque droit au maintien dans les lieux \u00e0 l&rsquo;expiration de la p\u00e9riode de location, sauf accord du propri\u00e9taire.<\/p>\n\n\n\n<p><strong>Paiement<\/strong> : La r\u00e9servation devient effective d\u00e8s lors que le client aura le montant total du prix du s\u00e9jour. Nos prix s&rsquo;entendent toutes charges comprises. <\/p>\n\n\n\n<p><strong>Annulation par le client<\/strong> : toute annulation doit \u00eatre notifi\u00e9e par lettre ou mail adress\u00e9e au propri\u00e9taire.<\/p>\n\n\n\n<ol style=\"list-style-type:lower-alpha\" class=\"wp-block-list\">\n<li>Annulation avant le d\u00e9but du s\u00e9jour : les sommes vers\u00e9es restent acquises au propri\u00e9taire si l&rsquo;annulation est notifi\u00e9e dans un d\u00e9lai inf\u00e9rieur \u00e0 60 jours avant le d\u00e9but du s\u00e9jour. Si le s\u00e9jour est \u00e9court\u00e9, le prix de la location reste acquis au propri\u00e9taire. Il ne sera proc\u00e9d\u00e9 \u00e0 aucun remboursement.<\/li>\n\n\n\n<li>En cas d&rsquo;arriv\u00e9e diff\u00e9r\u00e9e, le locataire devra pr\u00e9venir le propri\u00e9taire. Si le locataire ne s&rsquo;est pas pr\u00e9sent\u00e9 le jour mentionn\u00e9 et sans avis notifi\u00e9 au propri\u00e9taire, les sommes vers\u00e9es restent acquises au propri\u00e9taire, qui peut disposer de la chambre d&rsquo;h\u00f4te.<\/li>\n\n\n\n<li><strong>Annulation par le propri\u00e9taire&nbsp;:<\/strong> Lorsqu&rsquo;avant le d\u00e9but du s\u00e9jour, le propri\u00e9taire annule ce s\u00e9jour, il doit informer le client par lettre ou courrier \u00e9lectronique. Le client sera rembours\u00e9 imm\u00e9diatement des sommes vers\u00e9es.<\/li>\n<\/ol>\n\n\n\n<p><strong>Arriv\u00e9e<\/strong> : Le client doit se pr\u00e9senter le jour pr\u00e9cis\u00e9 et aux heures mentionn\u00e9es sur le pr\u00e9sent contrat. En cas d\u2019arriv\u00e9e tardive ou diff\u00e9r\u00e9e, le client doit pr\u00e9venir le propri\u00e9taire.<\/p>\n\n\n\n<p><strong>Taxe de s\u00e9jour :<\/strong> Il sera demand\u00e9 au locataire la somme de 0,80 \u20ac par personne et par jour \u00e0 r\u00e9gler \u00e0 l&rsquo;arriv\u00e9e.<\/p>\n\n\n\n<p><strong>Utilisation des lieux<\/strong> : Le client devra respecter le caract\u00e8re paisible des lieux et en faire un usage conforme \u00e0 leur destination. Il s&rsquo;engage \u00e0 rendre les chambres en bon \u00e9tat, et \u00e0 ne pas fumer dans l\u2019enceinte de la maison.<\/p>\n\n\n\n<p><strong>Capacit\u00e9<\/strong> : deux personnes adultes. Si le nombre de clients d\u00e9passe ce nombre, le propri\u00e9taire est en mesure de refuser les clients suppl\u00e9mentaires. Aucun remboursement ne peut \u00eatre envisag\u00e9.<\/p>\n\n\n\n<p><strong>Animaux<\/strong> : Pour des raisons d\u2019hygi\u00e8ne et de tranquillit\u00e9 des h\u00f4tes, aucun animal domestique n\u2019est autoris\u00e9 dans la maison d\u2019h\u00f4tes. En cas de non-respect de cette clause par le client, le propri\u00e9taire peut refuser les animaux. Ce refus ne peut \u00eatre en aucun cas consid\u00e9r\u00e9 comme une modification des conditions de location, de sorte qu&rsquo;en cas de d\u00e9part du client, aucun remboursement ne peut \u00eatre envisag\u00e9.<\/p>\n\n\n\n<p><strong>Non-fumeur : <\/strong>Les locaux mis \u00e0 disposition sont r\u00e9put\u00e9s \u00ab&nbsp;non-fumeurs&nbsp;\u00bb&nbsp;; le locataire s\u2019engage \u00e0 respecter cette r\u00e9glementation. Si constatation est faite lors de l\u2019inventaire de sortie, les frais de m\u00e9nage et\/ou de blanchisserie suppl\u00e9mentaires seront appliqu\u00e9s (article 6).<\/p>\n","protected":false},"excerpt":{"rendered":"<p>Conditions g\u00e9n\u00e9rales de location G\u00eete Bambou Article 1 &#8211; La r\u00e9servation sera d\u00e9finitive apr\u00e8s que le locataire ait fait parvenir au propri\u00e9taire&nbsp;: La location conclue entre les parties au pr\u00e9sent acte ne peut en aucun cas b\u00e9n\u00e9ficier (m\u00eame partiellement) \u00e0 des tiers, personnes physiques ou morales &#8211; sauf accord \u00e9crit du propri\u00e9taire. Toute infraction \u00e0 [&hellip;]<\/p>\n","protected":false},"author":1,"featured_media":0,"parent":0,"menu_order":0,"comment_status":"closed","ping_status":"closed","template":"","meta":{"_acf_changed":false,"_seopress_robots_primary_cat":"","_seopress_titles_title":"","_seopress_titles_desc":"","_seopress_robots_index":"","footnotes":""},"class_list":["post-10","page","type-page","status-publish","hentry"],"acf":[],"jetpack_sharing_enabled":true,"_links":{"self":[{"href":"https:\/\/chambres-hotes-sarzeau.fr\/index.php\/wp-json\/wp\/v2\/pages\/10","targetHints":{"allow":["GET"]}}],"collection":[{"href":"https:\/\/chambres-hotes-sarzeau.fr\/index.php\/wp-json\/wp\/v2\/pages"}],"about":[{"href":"https:\/\/chambres-hotes-sarzeau.fr\/index.php\/wp-json\/wp\/v2\/types\/page"}],"author":[{"embeddable":true,"href":"https:\/\/chambres-hotes-sarzeau.fr\/index.php\/wp-json\/wp\/v2\/users\/1"}],"replies":[{"embeddable":true,"href":"https:\/\/chambres-hotes-sarzeau.fr\/index.php\/wp-json\/wp\/v2\/comments?post=10"}],"version-history":[{"count":9,"href":"https:\/\/chambres-hotes-sarzeau.fr\/index.php\/wp-json\/wp\/v2\/pages\/10\/revisions"}],"predecessor-version":[{"id":1780,"href":"https:\/\/chambres-hotes-sarzeau.fr\/index.php\/wp-json\/wp\/v2\/pages\/10\/revisions\/1780"}],"wp:attachment":[{"href":"https:\/\/chambres-hotes-sarzeau.fr\/index.php\/wp-json\/wp\/v2\/media?parent=10"}],"curies":[{"name":"wp","href":"https:\/\/api.w.org\/{rel}","templated":true}]}}