{"id":1296,"date":"2025-06-23T10:39:11","date_gmt":"2025-06-23T08:39:11","guid":{"rendered":"http:\/\/chambres-hotes-sarzeau.fr\/?page_id=1296"},"modified":"2026-03-01T15:09:21","modified_gmt":"2026-03-01T14:09:21","slug":"ebene","status":"publish","type":"page","link":"https:\/\/chambres-hotes-sarzeau.fr\/index.php\/ebene\/","title":{"rendered":"Chambre d&rsquo;h\u00f4te Amarr\u00e9 : Eb\u00e8ne &#8211; Sarzeau"},"content":{"rendered":"\n<div class=\"wp-block-group alignwide has-global-padding is-layout-constrained wp-block-group-is-layout-constrained\">\n<div class=\"wp-block-columns alignwide is-layout-flex wp-container-core-columns-is-layout-28f84493 wp-block-columns-is-layout-flex\">\n<div class=\"wp-block-column is-layout-flow wp-block-column-is-layout-flow\" style=\"flex-basis:33.33%\">\n<p class=\"has-base-background-color has-text-color has-background has-link-color wp-elements-d08a5e1c68a90519875f604984c4560e\" style=\"color:#217027\">A Partir de <strong>100 Euros la nuit<\/strong> Petit d\u00e9jeuner inclus<\/p>\n\n\n\n<p>Envie d\u2019une parenth\u00e8se d\u00e9paysante dans un lieu qui a du caract\u00e8re ? Cette chambre singuli\u00e8re, baign\u00e9e de lumi\u00e8re, vous s\u00e9duira par son ambiance pop et d\u00e9cal\u00e9e, pleine de charme et d\u2019originalit\u00e9.<\/p>\n\n\n\n<p>Avec un <strong>acc\u00e8s direct \u00e0 une terrasse<\/strong>, vous profiterez d\u2019un panorama exceptionnel sur la campagne.<\/p>\n\n\n\n<p>Un cadre id\u00e9al pour se d\u00e9tendre, lire ou simplement respirer.<\/p>\n\n\n\n<p><strong>La chambre Eb\u00e8ne lumineuse avec terrasse et vue sur la campagne<\/strong><\/p>\n\n\n\n<p>Ici, rien de standard, l\u2019atmosph\u00e8re unique de la pi\u00e8ce en fait un petit cocon \u00e0 part, parfait pour celles et ceux qui cherchent autre chose qu\u2019une chambre d\u2019h\u00f4tel classique.<\/p>\n\n\n\n<p>Un lieu \u00e0 vivre, \u00e0 ressentir, \u00e0 exp\u00e9rimenter. Venez voir par vous-m\u00eame !<\/p>\n<\/div>\n\n\n\n<div class=\"wp-block-column is-layout-flow wp-block-column-is-layout-flow\" style=\"flex-basis:66.66%\">\n<figure class=\"wp-block-gallery has-nested-images columns-5 is-cropped wp-block-gallery-1 is-layout-flex wp-block-gallery-is-layout-flex\">\n<figure class=\"wp-block-image size-large\"><img alt=\"\" loading=\"lazy\" decoding=\"async\" width=\"1024\" height=\"576\" data-id=\"1272\" src=\"https:\/\/chambres-hotes-sarzeau.fr\/wp-content\/uploads\/2025\/06\/Accroche-2-pour-Ebene-1024x576.jpg\" alt=\"\" class=\"wp-image-1272\" srcset=\"https:\/\/chambres-hotes-sarzeau.fr\/wp-content\/uploads\/2025\/06\/Accroche-2-pour-Ebene-1024x576.jpg 1024w, https:\/\/chambres-hotes-sarzeau.fr\/wp-content\/uploads\/2025\/06\/Accroche-2-pour-Ebene-300x169.jpg 300w, https:\/\/chambres-hotes-sarzeau.fr\/wp-content\/uploads\/2025\/06\/Accroche-2-pour-Ebene-768x432.jpg 768w, https:\/\/chambres-hotes-sarzeau.fr\/wp-content\/uploads\/2025\/06\/Accroche-2-pour-Ebene-1536x864.jpg 1536w, https:\/\/chambres-hotes-sarzeau.fr\/wp-content\/uploads\/2025\/06\/Accroche-2-pour-Ebene-2048x1152.jpg 2048w, https:\/\/chambres-hotes-sarzeau.fr\/wp-content\/uploads\/2025\/06\/Accroche-2-pour-Ebene-600x338.jpg 600w\" sizes=\"auto, (max-width: 1024px) 100vw, 1024px\" \/><\/figure>\n\n\n\n<figure class=\"wp-block-image size-large\"><img alt=\"\" loading=\"lazy\" decoding=\"async\" width=\"576\" height=\"1024\" data-id=\"1342\" src=\"https:\/\/chambres-hotes-sarzeau.fr\/wp-content\/uploads\/2025\/06\/Salle-de-bain-Ebene-sarzeau-golfedumorbihan-576x1024.jpg\" alt=\"\" class=\"wp-image-1342\" srcset=\"https:\/\/chambres-hotes-sarzeau.fr\/wp-content\/uploads\/2025\/06\/Salle-de-bain-Ebene-sarzeau-golfedumorbihan-576x1024.jpg 576w, https:\/\/chambres-hotes-sarzeau.fr\/wp-content\/uploads\/2025\/06\/Salle-de-bain-Ebene-sarzeau-golfedumorbihan-169x300.jpg 169w, https:\/\/chambres-hotes-sarzeau.fr\/wp-content\/uploads\/2025\/06\/Salle-de-bain-Ebene-sarzeau-golfedumorbihan-768x1365.jpg 768w, https:\/\/chambres-hotes-sarzeau.fr\/wp-content\/uploads\/2025\/06\/Salle-de-bain-Ebene-sarzeau-golfedumorbihan-864x1536.jpg 864w, https:\/\/chambres-hotes-sarzeau.fr\/wp-content\/uploads\/2025\/06\/Salle-de-bain-Ebene-sarzeau-golfedumorbihan-1152x2048.jpg 1152w, https:\/\/chambres-hotes-sarzeau.fr\/wp-content\/uploads\/2025\/06\/Salle-de-bain-Ebene-sarzeau-golfedumorbihan-600x1067.jpg 600w, https:\/\/chambres-hotes-sarzeau.fr\/wp-content\/uploads\/2025\/06\/Salle-de-bain-Ebene-sarzeau-golfedumorbihan-scaled.jpg 1440w\" sizes=\"auto, (max-width: 576px) 100vw, 576px\" \/><\/figure>\n\n\n\n<figure class=\"wp-block-image size-large\"><img alt=\"\" loading=\"lazy\" decoding=\"async\" width=\"1024\" height=\"576\" data-id=\"1336\" src=\"https:\/\/chambres-hotes-sarzeau.fr\/wp-content\/uploads\/2025\/06\/Ebene-2-sarzeau-golfedumorbihan-1024x576.jpg\" alt=\"\" class=\"wp-image-1336\" srcset=\"https:\/\/chambres-hotes-sarzeau.fr\/wp-content\/uploads\/2025\/06\/Ebene-2-sarzeau-golfedumorbihan-1024x576.jpg 1024w, https:\/\/chambres-hotes-sarzeau.fr\/wp-content\/uploads\/2025\/06\/Ebene-2-sarzeau-golfedumorbihan-300x169.jpg 300w, https:\/\/chambres-hotes-sarzeau.fr\/wp-content\/uploads\/2025\/06\/Ebene-2-sarzeau-golfedumorbihan-768x432.jpg 768w, https:\/\/chambres-hotes-sarzeau.fr\/wp-content\/uploads\/2025\/06\/Ebene-2-sarzeau-golfedumorbihan-1536x864.jpg 1536w, https:\/\/chambres-hotes-sarzeau.fr\/wp-content\/uploads\/2025\/06\/Ebene-2-sarzeau-golfedumorbihan-2048x1152.jpg 2048w, https:\/\/chambres-hotes-sarzeau.fr\/wp-content\/uploads\/2025\/06\/Ebene-2-sarzeau-golfedumorbihan-600x338.jpg 600w\" sizes=\"auto, (max-width: 1024px) 100vw, 1024px\" \/><\/figure>\n\n\n\n<figure class=\"wp-block-image size-large\"><img alt=\"\" loading=\"lazy\" decoding=\"async\" width=\"1024\" height=\"576\" data-id=\"1337\" src=\"https:\/\/chambres-hotes-sarzeau.fr\/wp-content\/uploads\/2025\/06\/Ebene-sarzeau-golfedumorbihan-1024x576.jpg\" alt=\"\" class=\"wp-image-1337\" srcset=\"https:\/\/chambres-hotes-sarzeau.fr\/wp-content\/uploads\/2025\/06\/Ebene-sarzeau-golfedumorbihan-1024x576.jpg 1024w, https:\/\/chambres-hotes-sarzeau.fr\/wp-content\/uploads\/2025\/06\/Ebene-sarzeau-golfedumorbihan-300x169.jpg 300w, https:\/\/chambres-hotes-sarzeau.fr\/wp-content\/uploads\/2025\/06\/Ebene-sarzeau-golfedumorbihan-768x432.jpg 768w, https:\/\/chambres-hotes-sarzeau.fr\/wp-content\/uploads\/2025\/06\/Ebene-sarzeau-golfedumorbihan-1536x864.jpg 1536w, https:\/\/chambres-hotes-sarzeau.fr\/wp-content\/uploads\/2025\/06\/Ebene-sarzeau-golfedumorbihan-2048x1152.jpg 2048w, https:\/\/chambres-hotes-sarzeau.fr\/wp-content\/uploads\/2025\/06\/Ebene-sarzeau-golfedumorbihan-600x338.jpg 600w\" sizes=\"auto, (max-width: 1024px) 100vw, 1024px\" \/><\/figure>\n\n\n\n<figure class=\"wp-block-image size-large\"><img alt=\"\" loading=\"lazy\" decoding=\"async\" width=\"576\" height=\"1024\" data-id=\"1335\" src=\"https:\/\/chambres-hotes-sarzeau.fr\/wp-content\/uploads\/2025\/06\/coin-salon-Ebene-sarzeau-golfedumorbihan-576x1024.jpg\" alt=\"\" class=\"wp-image-1335\" srcset=\"https:\/\/chambres-hotes-sarzeau.fr\/wp-content\/uploads\/2025\/06\/coin-salon-Ebene-sarzeau-golfedumorbihan-576x1024.jpg 576w, https:\/\/chambres-hotes-sarzeau.fr\/wp-content\/uploads\/2025\/06\/coin-salon-Ebene-sarzeau-golfedumorbihan-169x300.jpg 169w, https:\/\/chambres-hotes-sarzeau.fr\/wp-content\/uploads\/2025\/06\/coin-salon-Ebene-sarzeau-golfedumorbihan-768x1365.jpg 768w, https:\/\/chambres-hotes-sarzeau.fr\/wp-content\/uploads\/2025\/06\/coin-salon-Ebene-sarzeau-golfedumorbihan-864x1536.jpg 864w, https:\/\/chambres-hotes-sarzeau.fr\/wp-content\/uploads\/2025\/06\/coin-salon-Ebene-sarzeau-golfedumorbihan-1152x2048.jpg 1152w, https:\/\/chambres-hotes-sarzeau.fr\/wp-content\/uploads\/2025\/06\/coin-salon-Ebene-sarzeau-golfedumorbihan-600x1067.jpg 600w, https:\/\/chambres-hotes-sarzeau.fr\/wp-content\/uploads\/2025\/06\/coin-salon-Ebene-sarzeau-golfedumorbihan-scaled.jpg 1440w\" sizes=\"auto, (max-width: 576px) 100vw, 576px\" \/><\/figure>\n\n\n\n<figure class=\"wp-block-image size-large\"><img alt=\"\" loading=\"lazy\" decoding=\"async\" width=\"576\" height=\"1024\" data-id=\"1340\" src=\"https:\/\/chambres-hotes-sarzeau.fr\/wp-content\/uploads\/2025\/06\/salle-de-bain-Ebene-3-sarzeau-golfedumorbihan-576x1024.jpg\" alt=\"\" class=\"wp-image-1340\" srcset=\"https:\/\/chambres-hotes-sarzeau.fr\/wp-content\/uploads\/2025\/06\/salle-de-bain-Ebene-3-sarzeau-golfedumorbihan-576x1024.jpg 576w, https:\/\/chambres-hotes-sarzeau.fr\/wp-content\/uploads\/2025\/06\/salle-de-bain-Ebene-3-sarzeau-golfedumorbihan-169x300.jpg 169w, https:\/\/chambres-hotes-sarzeau.fr\/wp-content\/uploads\/2025\/06\/salle-de-bain-Ebene-3-sarzeau-golfedumorbihan-768x1365.jpg 768w, https:\/\/chambres-hotes-sarzeau.fr\/wp-content\/uploads\/2025\/06\/salle-de-bain-Ebene-3-sarzeau-golfedumorbihan-864x1536.jpg 864w, https:\/\/chambres-hotes-sarzeau.fr\/wp-content\/uploads\/2025\/06\/salle-de-bain-Ebene-3-sarzeau-golfedumorbihan-1152x2048.jpg 1152w, https:\/\/chambres-hotes-sarzeau.fr\/wp-content\/uploads\/2025\/06\/salle-de-bain-Ebene-3-sarzeau-golfedumorbihan-600x1067.jpg 600w, https:\/\/chambres-hotes-sarzeau.fr\/wp-content\/uploads\/2025\/06\/salle-de-bain-Ebene-3-sarzeau-golfedumorbihan-scaled.jpg 1440w\" sizes=\"auto, (max-width: 576px) 100vw, 576px\" \/><\/figure>\n\n\n\n<figure class=\"wp-block-image size-large\"><img alt=\"\" loading=\"lazy\" decoding=\"async\" width=\"576\" height=\"1024\" data-id=\"1341\" src=\"https:\/\/chambres-hotes-sarzeau.fr\/wp-content\/uploads\/2025\/06\/salle-de-bain-Ebene-sarzeau-golfedumorbihan-2-576x1024.jpg\" alt=\"\" class=\"wp-image-1341\" srcset=\"https:\/\/chambres-hotes-sarzeau.fr\/wp-content\/uploads\/2025\/06\/salle-de-bain-Ebene-sarzeau-golfedumorbihan-2-576x1024.jpg 576w, https:\/\/chambres-hotes-sarzeau.fr\/wp-content\/uploads\/2025\/06\/salle-de-bain-Ebene-sarzeau-golfedumorbihan-2-169x300.jpg 169w, https:\/\/chambres-hotes-sarzeau.fr\/wp-content\/uploads\/2025\/06\/salle-de-bain-Ebene-sarzeau-golfedumorbihan-2-768x1365.jpg 768w, https:\/\/chambres-hotes-sarzeau.fr\/wp-content\/uploads\/2025\/06\/salle-de-bain-Ebene-sarzeau-golfedumorbihan-2-864x1536.jpg 864w, https:\/\/chambres-hotes-sarzeau.fr\/wp-content\/uploads\/2025\/06\/salle-de-bain-Ebene-sarzeau-golfedumorbihan-2-1152x2048.jpg 1152w, https:\/\/chambres-hotes-sarzeau.fr\/wp-content\/uploads\/2025\/06\/salle-de-bain-Ebene-sarzeau-golfedumorbihan-2-600x1067.jpg 600w, https:\/\/chambres-hotes-sarzeau.fr\/wp-content\/uploads\/2025\/06\/salle-de-bain-Ebene-sarzeau-golfedumorbihan-2-scaled.jpg 1440w\" sizes=\"auto, (max-width: 576px) 100vw, 576px\" \/><\/figure>\n\n\n\n<figure class=\"wp-block-image size-large\"><img alt=\"\" loading=\"lazy\" decoding=\"async\" width=\"1024\" height=\"576\" data-id=\"1319\" src=\"https:\/\/chambres-hotes-sarzeau.fr\/wp-content\/uploads\/2025\/06\/Emplacement-voiture-1-1024x576.jpg\" alt=\"\" class=\"wp-image-1319\" srcset=\"https:\/\/chambres-hotes-sarzeau.fr\/wp-content\/uploads\/2025\/06\/Emplacement-voiture-1-1024x576.jpg 1024w, https:\/\/chambres-hotes-sarzeau.fr\/wp-content\/uploads\/2025\/06\/Emplacement-voiture-1-300x169.jpg 300w, https:\/\/chambres-hotes-sarzeau.fr\/wp-content\/uploads\/2025\/06\/Emplacement-voiture-1-768x432.jpg 768w, https:\/\/chambres-hotes-sarzeau.fr\/wp-content\/uploads\/2025\/06\/Emplacement-voiture-1-1536x864.jpg 1536w, https:\/\/chambres-hotes-sarzeau.fr\/wp-content\/uploads\/2025\/06\/Emplacement-voiture-1-2048x1152.jpg 2048w, https:\/\/chambres-hotes-sarzeau.fr\/wp-content\/uploads\/2025\/06\/Emplacement-voiture-1-600x338.jpg 600w\" sizes=\"auto, (max-width: 1024px) 100vw, 1024px\" \/><\/figure>\n\n\n\n<figure class=\"wp-block-image size-large\"><img alt=\"\" loading=\"lazy\" decoding=\"async\" width=\"410\" height=\"480\" data-id=\"1345\" src=\"https:\/\/chambres-hotes-sarzeau.fr\/wp-content\/uploads\/2025\/06\/terrasse-Ebene3-sarzeau-golfedumorbihan.jpg\" alt=\"\" class=\"wp-image-1345\" srcset=\"https:\/\/chambres-hotes-sarzeau.fr\/wp-content\/uploads\/2025\/06\/terrasse-Ebene3-sarzeau-golfedumorbihan.jpg 410w, https:\/\/chambres-hotes-sarzeau.fr\/wp-content\/uploads\/2025\/06\/terrasse-Ebene3-sarzeau-golfedumorbihan-256x300.jpg 256w\" sizes=\"auto, (max-width: 410px) 100vw, 410px\" \/><\/figure>\n\n\n\n<figure class=\"wp-block-image size-large\"><img alt=\"\" loading=\"lazy\" decoding=\"async\" width=\"1024\" height=\"576\" data-id=\"1344\" src=\"https:\/\/chambres-hotes-sarzeau.fr\/wp-content\/uploads\/2025\/06\/terrasse-Ebene2-sarzeau-golfedumorbihan-1024x576.jpg\" alt=\"\" class=\"wp-image-1344\" srcset=\"https:\/\/chambres-hotes-sarzeau.fr\/wp-content\/uploads\/2025\/06\/terrasse-Ebene2-sarzeau-golfedumorbihan-1024x576.jpg 1024w, https:\/\/chambres-hotes-sarzeau.fr\/wp-content\/uploads\/2025\/06\/terrasse-Ebene2-sarzeau-golfedumorbihan-300x169.jpg 300w, https:\/\/chambres-hotes-sarzeau.fr\/wp-content\/uploads\/2025\/06\/terrasse-Ebene2-sarzeau-golfedumorbihan-768x432.jpg 768w, https:\/\/chambres-hotes-sarzeau.fr\/wp-content\/uploads\/2025\/06\/terrasse-Ebene2-sarzeau-golfedumorbihan-1536x864.jpg 1536w, https:\/\/chambres-hotes-sarzeau.fr\/wp-content\/uploads\/2025\/06\/terrasse-Ebene2-sarzeau-golfedumorbihan-2048x1152.jpg 2048w, https:\/\/chambres-hotes-sarzeau.fr\/wp-content\/uploads\/2025\/06\/terrasse-Ebene2-sarzeau-golfedumorbihan-600x338.jpg 600w\" sizes=\"auto, (max-width: 1024px) 100vw, 1024px\" \/><\/figure>\n<\/figure>\n<\/div>\n<\/div>\n<\/div>\n\n\n\n<div style=\"height:31px\" aria-hidden=\"true\" class=\"wp-block-spacer\"><\/div>\n\n\n\n<div class=\"wp-block-buttons alignwide is-content-justification-center is-layout-flex wp-container-core-buttons-is-layout-a89b3969 wp-block-buttons-is-layout-flex\">\n<div class=\"wp-block-button\"><a class=\"wp-block-button__link wp-element-button\" href=\"https:\/\/chambres-hotes-sarzeau.fr\/index.php\/produit\/la-chambre-ebene\/\">R\u00e9server la chambre \u00e9b\u00e8ne<\/a><\/div>\n<\/div>\n\n\n\n<p><\/p>\n","protected":false},"excerpt":{"rendered":"<p>A Partir de 100 Euros la nuit Petit d\u00e9jeuner inclus Envie d\u2019une parenth\u00e8se d\u00e9paysante dans un lieu qui a du caract\u00e8re ? Cette chambre singuli\u00e8re, baign\u00e9e de lumi\u00e8re, vous s\u00e9duira par son ambiance pop et d\u00e9cal\u00e9e, pleine de charme et d\u2019originalit\u00e9. Avec un acc\u00e8s direct \u00e0 une terrasse, vous profiterez d\u2019un panorama exceptionnel sur la [&hellip;]<\/p>\n","protected":false},"author":1,"featured_media":0,"parent":0,"menu_order":0,"comment_status":"closed","ping_status":"closed","template":"","meta":{"_acf_changed":false,"_seopress_robots_primary_cat":"","_seopress_titles_title":"Chambre d\u2019h\u00f4tes \u00c9b\u00e8ne \u00e0 Sarzeau | Terrasse & calme","_seopress_titles_desc":"Chambre d\u2019h\u00f4tes \u00e0 Sarzeau - Amarr\u00e9, la chambre \u00c9b\u00e8ne offre une terrasse priv\u00e9e avec vue campagne, ambiance originale et cosy pour 2, proche Golfe du Morbihan.","_seopress_robots_index":"","footnotes":""},"class_list":["post-1296","page","type-page","status-publish","hentry"],"acf":[],"jetpack_sharing_enabled":true,"_links":{"self":[{"href":"https:\/\/chambres-hotes-sarzeau.fr\/index.php\/wp-json\/wp\/v2\/pages\/1296","targetHints":{"allow":["GET"]}}],"collection":[{"href":"https:\/\/chambres-hotes-sarzeau.fr\/index.php\/wp-json\/wp\/v2\/pages"}],"about":[{"href":"https:\/\/chambres-hotes-sarzeau.fr\/index.php\/wp-json\/wp\/v2\/types\/page"}],"author":[{"embeddable":true,"href":"https:\/\/chambres-hotes-sarzeau.fr\/index.php\/wp-json\/wp\/v2\/users\/1"}],"replies":[{"embeddable":true,"href":"https:\/\/chambres-hotes-sarzeau.fr\/index.php\/wp-json\/wp\/v2\/comments?post=1296"}],"version-history":[{"count":10,"href":"https:\/\/chambres-hotes-sarzeau.fr\/index.php\/wp-json\/wp\/v2\/pages\/1296\/revisions"}],"predecessor-version":[{"id":1760,"href":"https:\/\/chambres-hotes-sarzeau.fr\/index.php\/wp-json\/wp\/v2\/pages\/1296\/revisions\/1760"}],"wp:attachment":[{"href":"https:\/\/chambres-hotes-sarzeau.fr\/index.php\/wp-json\/wp\/v2\/media?parent=1296"}],"curies":[{"name":"wp","href":"https:\/\/api.w.org\/{rel}","templated":true}]}}