{"id":1501,"date":"2025-06-24T10:31:30","date_gmt":"2025-06-24T08:31:30","guid":{"rendered":"https:\/\/chambres-hotes-sarzeau.fr\/?page_id=1501"},"modified":"2026-01-24T18:23:12","modified_gmt":"2026-01-24T17:23:12","slug":"qui-sommes-nous","status":"publish","type":"page","link":"https:\/\/chambres-hotes-sarzeau.fr\/index.php\/qui-sommes-nous\/","title":{"rendered":"Qui Sommes Nous"},"content":{"rendered":"\n<div class=\"wp-block-group has-global-padding is-layout-constrained wp-block-group-is-layout-constrained\">\n<div class=\"wp-block-columns is-layout-flex wp-container-core-columns-is-layout-28f84493 wp-block-columns-is-layout-flex\">\n<div class=\"wp-block-column is-layout-flow wp-block-column-is-layout-flow\" style=\"flex-basis:100%\">\n<div class=\"wp-block-media-text is-stacked-on-mobile\"><figure class=\"wp-block-media-text__media\"><img alt=\"\" loading=\"lazy\" decoding=\"async\" width=\"1024\" height=\"576\" src=\"https:\/\/chambres-hotes-sarzeau.fr\/wp-content\/uploads\/2025\/06\/20220622_180834-1024x576.jpg\" alt=\"\" class=\"wp-image-1503 size-full\" srcset=\"https:\/\/chambres-hotes-sarzeau.fr\/wp-content\/uploads\/2025\/06\/20220622_180834-1024x576.jpg 1024w, https:\/\/chambres-hotes-sarzeau.fr\/wp-content\/uploads\/2025\/06\/20220622_180834-300x169.jpg 300w, https:\/\/chambres-hotes-sarzeau.fr\/wp-content\/uploads\/2025\/06\/20220622_180834-768x432.jpg 768w, https:\/\/chambres-hotes-sarzeau.fr\/wp-content\/uploads\/2025\/06\/20220622_180834-1536x864.jpg 1536w, https:\/\/chambres-hotes-sarzeau.fr\/wp-content\/uploads\/2025\/06\/20220622_180834-2048x1152.jpg 2048w, https:\/\/chambres-hotes-sarzeau.fr\/wp-content\/uploads\/2025\/06\/20220622_180834-600x338.jpg 600w\" sizes=\"auto, (max-width: 1024px) 100vw, 1024px\" \/><\/figure><div class=\"wp-block-media-text__content\">\n<h2 class=\"wp-block-heading\">Notre histoire, entre montagne et mer : <strong>Chambres d&rsquo;h\u00f4tes &amp; G\u00eete \u00e0 Sarzeau<\/strong>, <strong>dans le Golfe du Morbihan<\/strong><\/h2>\n\n\n\n<p>Apr\u00e8s plusieurs belles ann\u00e9es pass\u00e9es \u00e0 Annecy, berc\u00e9s par les sommets alpins et les plaisirs de la montagne, nous avons ressenti le besoin d\u2019un <strong>nouveau souffle<\/strong>, un autre d\u00e9cor, une autre lumi\u00e8re. C\u2019est ainsi que nous avons pos\u00e9 nos valises sur les rives du <strong>Golfe du Morbihan<\/strong>.<\/p>\n<\/div><\/div>\n<\/div>\n<\/div>\n<\/div>\n\n\n\n<div class=\"wp-block-columns is-layout-flex wp-container-core-columns-is-layout-28f84493 wp-block-columns-is-layout-flex\">\n<div class=\"wp-block-column is-layout-flow wp-block-column-is-layout-flow\">\n<p>Ici, nous avons trouv\u00e9 un <strong>\u00e9quilibre pr\u00e9cieux<\/strong> : la mer en toile de fond, le calme d\u2019une nature encore pr\u00e9serv\u00e9e, et surtout, une <strong>atmosph\u00e8re paisible<\/strong>, loin de l\u2019agitation et du tourisme de masse. Un lieu o\u00f9 l\u2019on peut vraiment ralentir, respirer, observer, <strong>s\u2019amarrer<\/strong>\u2026 vivre autrement.<\/p>\n\n\n\n<p>Notre envie de partager ce <strong>petit coin de paradis<\/strong> a surgi naturellement. Accueillir, \u00e9changer, faire d\u00e9couvrir : cela fait partie de ce que nous aimons. C\u2019est pourquoi nous avons ouvert nos <strong>chambres d&rsquo;h\u00f4tes \u00e0 Sarzeau<\/strong> et notre <strong>g\u00eete \u00e0 Sarzeau<\/strong>, pour vous offrir un lieu simple et authentique, o\u00f9 vous pourrez, vous aussi, profiter de ce cadre exceptionnel.<\/p>\n\n\n\n<p>Plus qu\u2019un h\u00e9bergement, c\u2019est <strong>une rencontre<\/strong> que nous vous proposons. Une <strong>parenth\u00e8se de nature<\/strong>, d\u2019authenticit\u00e9 et de convivialit\u00e9. Bienvenue <strong>chez nous, chez vous<\/strong>.<\/p>\n\n\n\n<hr class=\"wp-block-separator has-alpha-channel-opacity\"\/>\n\n\n\n<p>Au pied d\u2019<strong>Amarr\u00e9<\/strong>, empruntez les multiples chemins en direction du Golfe, de l\u2019oc\u00e9an ou du bourg de <strong>Sarzeau<\/strong>. Ce choix in\u00e9puisable d\u2019\u00e9vasion, sans voiture, vous ouvrira le champ des possibles.<\/p>\n\n\n\n<p>Depuis <strong>Amarr\u00e9<\/strong>, vous atteignez en 15\u202fmin \u00e0 pied, par un chemin p\u00e9destre am\u00e9nag\u00e9, le <strong>bourg de Sarzeau<\/strong>.<\/p>\n\n\n\n<p>Si comme nous, vous aimez les promenades p\u00e9destres ou les longues randonn\u00e9es \u00e0 <strong>v\u00e9lo<\/strong>, ce lieu vous correspondra pour s\u00fbr. Imaginez : partir le matin pour d\u00e9couvrir le <strong>Golfe du Morbihan<\/strong>, revenir l\u2019apr\u00e8s-midi \u00e0 <strong>votre g\u00eete \u00e0 Sarzeau<\/strong> pour un moment de d\u00e9tente au jardin ou une sieste bien m\u00e9rit\u00e9e.<\/p>\n<\/div>\n<\/div>\n\n\n\n<div class=\"wp-block-columns is-layout-flex wp-container-core-columns-is-layout-28f84493 wp-block-columns-is-layout-flex\">\n<div class=\"wp-block-column is-layout-flow wp-block-column-is-layout-flow\">\n<figure class=\"wp-block-image size-full\"><img alt=\"\" loading=\"lazy\" decoding=\"async\" width=\"2560\" height=\"1249\" src=\"https:\/\/chambres-hotes-sarzeau.fr\/wp-content\/uploads\/2026\/01\/20210322_124108-scaled.jpg\" alt=\"\" class=\"wp-image-1681\" style=\"aspect-ratio:16\/9;object-fit:cover\" srcset=\"https:\/\/chambres-hotes-sarzeau.fr\/wp-content\/uploads\/2026\/01\/20210322_124108-scaled.jpg 2560w, https:\/\/chambres-hotes-sarzeau.fr\/wp-content\/uploads\/2026\/01\/20210322_124108-300x146.jpg 300w, https:\/\/chambres-hotes-sarzeau.fr\/wp-content\/uploads\/2026\/01\/20210322_124108-1024x499.jpg 1024w, https:\/\/chambres-hotes-sarzeau.fr\/wp-content\/uploads\/2026\/01\/20210322_124108-768x375.jpg 768w, https:\/\/chambres-hotes-sarzeau.fr\/wp-content\/uploads\/2026\/01\/20210322_124108-1536x749.jpg 1536w, https:\/\/chambres-hotes-sarzeau.fr\/wp-content\/uploads\/2026\/01\/20210322_124108-2048x999.jpg 2048w, https:\/\/chambres-hotes-sarzeau.fr\/wp-content\/uploads\/2026\/01\/20210322_124108-600x293.jpg 600w\" sizes=\"auto, (max-width: 2560px) 100vw, 2560px\" \/><\/figure>\n<\/div>\n\n\n\n<div class=\"wp-block-column is-layout-flow wp-block-column-is-layout-flow\">\n<figure class=\"wp-block-image size-large\"><img alt=\"\" loading=\"lazy\" decoding=\"async\" width=\"1024\" height=\"498\" src=\"https:\/\/chambres-hotes-sarzeau.fr\/wp-content\/uploads\/2026\/01\/20200820_072610-1024x498.jpg\" alt=\"\" class=\"wp-image-1684\" style=\"aspect-ratio:16\/9;object-fit:cover\" srcset=\"https:\/\/chambres-hotes-sarzeau.fr\/wp-content\/uploads\/2026\/01\/20200820_072610-1024x498.jpg 1024w, https:\/\/chambres-hotes-sarzeau.fr\/wp-content\/uploads\/2026\/01\/20200820_072610-300x146.jpg 300w, https:\/\/chambres-hotes-sarzeau.fr\/wp-content\/uploads\/2026\/01\/20200820_072610-768x373.jpg 768w, https:\/\/chambres-hotes-sarzeau.fr\/wp-content\/uploads\/2026\/01\/20200820_072610-1536x747.jpg 1536w, https:\/\/chambres-hotes-sarzeau.fr\/wp-content\/uploads\/2026\/01\/20200820_072610-2048x996.jpg 2048w, https:\/\/chambres-hotes-sarzeau.fr\/wp-content\/uploads\/2026\/01\/20200820_072610-600x292.jpg 600w\" sizes=\"auto, (max-width: 1024px) 100vw, 1024px\" \/><\/figure>\n<\/div>\n<\/div>\n\n\n\n<h3 class=\"wp-block-heading\">Pourquoi choisir nos <strong>chambres d&rsquo;h\u00f4tes et g\u00eete dans le Golfe du Morbihan<\/strong> ?<\/h3>\n\n\n\n<ul class=\"wp-block-list\">\n<li><strong>Confort et accueil personnalis\u00e9<\/strong> : chaque chambre a son charme, d\u00e9coration soign\u00e9e, literie de qualit\u00e9. Vos h\u00f4tes vous conseillent les meilleures balades, adresses gourmandes et sites incontournables.<\/li>\n\n\n\n<li><strong>Calme absolu<\/strong> : en pleine nature, \u00e0 quelques minutes des plages et des pistes cyclables, loin des nuisances urbaines.<\/li>\n\n\n\n<li><strong>Proximit\u00e9 des activit\u00e9s<\/strong> : Ch\u00e2teau de Suscinio, plages, ports, \u00eeles du Golfe\u2026 tout est accessible en v\u00e9lo, bateau ou au gr\u00e9 de vos envies.<\/li>\n\n\n\n<li><strong>Exp\u00e9rience locale<\/strong> : produits du terroir, petits d\u00e9jeuners gourmands, \u00e9changes chaleureux\u2026 d\u00e9couvrez la Bretagne comme nous l\u2019aimons.<\/li>\n<\/ul>\n\n\n\n<hr class=\"wp-block-separator has-alpha-channel-opacity\"\/>\n\n\n\n<p>Nos <strong>chambres d&rsquo;h\u00f4tes &amp; G\u00eete \u00e0 Sarzeau<\/strong> sont bien plus que des h\u00e9bergements : ce sont des rep\u00e8res conviviaux pour profiter en toute libert\u00e9 du <strong>Golfe du Morbihan<\/strong>. Le matin, r\u00e9veillez-vous avec l\u2019air marin et la promesse d\u2019une journ\u00e9e riche en balades ou en moments ressour\u00e7ants. Le soir, regagnez votre <strong>g\u00eete<\/strong> ou votre chambre, et prolongez la journ\u00e9e dans le jardin ou sur la terrasse.<\/p>\n\n\n\n<hr class=\"wp-block-separator has-alpha-channel-opacity\"\/>\n\n\n\n<h3 class=\"wp-block-heading\"> En r\u00e9sum\u00e9 :<\/h3>\n\n\n\n<ul class=\"wp-block-list\">\n<li><strong>Chambres d&rsquo;h\u00f4tes \u00e0 Sarzeau<\/strong> \u2013 accueil personnalis\u00e9, ambiance authentique, petit-d\u00e9jeuner maison.<\/li>\n\n\n\n<li><strong>G\u00eete Sarzeau<\/strong> \u2013 autonomie totale, jardin priv\u00e9, id\u00e9al pour couples ou petits groupes.<\/li>\n\n\n\n<li><strong>Chambres d&rsquo;h\u00f4tes et g\u00eete dans le Golfe du Morbihan<\/strong> \u2013 parfaits pour d\u00e9couvrir la r\u00e9gion en couple, en famille ou entre amis.<\/li>\n<\/ul>\n\n\n\n<hr class=\"wp-block-separator has-alpha-channel-opacity\"\/>\n\n\n\n<p>R\u00e9servez d\u00e8s maintenant pour vivre <strong>votre moment hors du temps<\/strong>, dans notre <strong>petit coin de paradis \u00e0 Sarzeau<\/strong>. Ici, chaque s\u00e9jour devient une histoire\u2026 la v\u00f4tre.<\/p>\n\n\n\n<div class=\"wp-block-buttons alignwide is-content-justification-center is-layout-flex wp-container-core-buttons-is-layout-a89b3969 wp-block-buttons-is-layout-flex\">\n<div class=\"wp-block-button\"><a class=\"wp-block-button__link wp-element-button\" href=\"https:\/\/chambres-hotes-sarzeau.fr\/index.php\/product-list\/\">R\u00e9server Votre H\u00e9bergement <\/a><\/div>\n<\/div>\n","protected":false},"excerpt":{"rendered":"<p>Notre histoire, entre montagne et mer : Chambres d&rsquo;h\u00f4tes &amp; G\u00eete \u00e0 Sarzeau, dans le Golfe du Morbihan Apr\u00e8s plusieurs belles ann\u00e9es pass\u00e9es \u00e0 Annecy, berc\u00e9s par les sommets alpins et les plaisirs de la montagne, nous avons ressenti le besoin d\u2019un nouveau souffle, un autre d\u00e9cor, une autre lumi\u00e8re. C\u2019est ainsi que nous avons [&hellip;]<\/p>\n","protected":false},"author":1,"featured_media":0,"parent":0,"menu_order":0,"comment_status":"closed","ping_status":"closed","template":"","meta":{"_acf_changed":false,"_seopress_robots_primary_cat":"","_seopress_titles_title":"","_seopress_titles_desc":"","_seopress_robots_index":"","footnotes":""},"class_list":["post-1501","page","type-page","status-publish","hentry"],"acf":[],"jetpack_sharing_enabled":true,"_links":{"self":[{"href":"https:\/\/chambres-hotes-sarzeau.fr\/index.php\/wp-json\/wp\/v2\/pages\/1501","targetHints":{"allow":["GET"]}}],"collection":[{"href":"https:\/\/chambres-hotes-sarzeau.fr\/index.php\/wp-json\/wp\/v2\/pages"}],"about":[{"href":"https:\/\/chambres-hotes-sarzeau.fr\/index.php\/wp-json\/wp\/v2\/types\/page"}],"author":[{"embeddable":true,"href":"https:\/\/chambres-hotes-sarzeau.fr\/index.php\/wp-json\/wp\/v2\/users\/1"}],"replies":[{"embeddable":true,"href":"https:\/\/chambres-hotes-sarzeau.fr\/index.php\/wp-json\/wp\/v2\/comments?post=1501"}],"version-history":[{"count":7,"href":"https:\/\/chambres-hotes-sarzeau.fr\/index.php\/wp-json\/wp\/v2\/pages\/1501\/revisions"}],"predecessor-version":[{"id":1682,"href":"https:\/\/chambres-hotes-sarzeau.fr\/index.php\/wp-json\/wp\/v2\/pages\/1501\/revisions\/1682"}],"wp:attachment":[{"href":"https:\/\/chambres-hotes-sarzeau.fr\/index.php\/wp-json\/wp\/v2\/media?parent=1501"}],"curies":[{"name":"wp","href":"https:\/\/api.w.org\/{rel}","templated":true}]}}