{"id":1635,"date":"2026-01-23T12:41:49","date_gmt":"2026-01-23T11:41:49","guid":{"rendered":"https:\/\/chambres-hotes-sarzeau.fr\/?page_id=1635"},"modified":"2026-01-23T12:41:49","modified_gmt":"2026-01-23T11:41:49","slug":"mentions-legales","status":"publish","type":"page","link":"https:\/\/chambres-hotes-sarzeau.fr\/index.php\/mentions-legales\/","title":{"rendered":"Mentions L\u00e9gales"},"content":{"rendered":"\n<p>Conform\u00e9ment aux dispositions des articles 6-III et 19 de la loi n\u00b02004-575 du 21 juin 2004 pour la Confiance dans l\u2019\u00c9conomie Num\u00e9rique (LCEN), il est pr\u00e9cis\u00e9 aux utilisateurs du site <strong>Amarr\u00e9<\/strong> l\u2019identit\u00e9 des diff\u00e9rents intervenants dans le cadre de sa r\u00e9alisation et de son suivi.<\/p>\n\n\n\n<hr class=\"wp-block-separator has-alpha-channel-opacity\"\/>\n\n\n\n<h2 class=\"wp-block-heading\">1. \u00c9diteur du site<\/h2>\n\n\n\n<ul class=\"wp-block-list\">\n<li><strong>Nom du site<\/strong> : Amarr\u00e9<\/li>\n\n\n\n<li><strong>Activit\u00e9<\/strong> : Chambres d\u2019h\u00f4tes \/ G\u00eete<\/li>\n\n\n\n<li><strong>Responsable de la publication<\/strong> : Pascal Bouyer<\/li>\n\n\n\n<li><strong>Statut juridique<\/strong> : Entreprise individuelle <\/li>\n\n\n\n<li><strong>Adresse<\/strong> : <a href=\"https:\/\/www.google.com\/maps\/place\/\/data=!4m2!3m1!1s0x48100587c28c538b:0xb8f6d526138a3842?sa=X&amp;ved=1t:8290&amp;ictx=111\"><strong>12 Hentig, Kervocen, 56370 Sarzeau<\/strong><\/a><\/li>\n\n\n\n<li><strong>Adresse e-mail<\/strong> : contact@chambres-hotes-sarzeau.fr<\/li>\n<\/ul>\n\n\n\n<p>Le responsable de la publication est une personne physique.<\/p>\n\n\n\n<hr class=\"wp-block-separator has-alpha-channel-opacity\"\/>\n\n\n\n<h2 class=\"wp-block-heading\">2. H\u00e9bergement du site<\/h2>\n\n\n\n<p>Le site <strong>Amarr\u00e9<\/strong> est h\u00e9berg\u00e9 par :<\/p>\n\n\n\n<ul class=\"wp-block-list\">\n<li><strong>Nom de l\u2019h\u00e9bergeur<\/strong> : OVH<\/li>\n\n\n\n<li><strong>Adresse<\/strong> : RCS Lille M\u00e9tropole 424 761 419 00045<br>Code APE 2620Z<br>N\u00b0 TVA : FR 22 424 761 419<br>Si\u00e8ge social : 2 rue Kellermann &#8211; 59100 Roubaix &#8211; France<\/li>\n\n\n\n<li><strong>Site web<\/strong> : <a href=\"https:\/\/www.ovhcloud.com\/fr\/\">https:\/\/www.ovhcloud.com\/fr\/<\/a><\/li>\n<\/ul>\n\n\n\n<hr class=\"wp-block-separator has-alpha-channel-opacity\"\/>\n\n\n\n<h2 class=\"wp-block-heading\">3. Acc\u00e8s au site<\/h2>\n\n\n\n<p>Le site est accessible \u00e0 tout moment, sauf interruption pour maintenance technique ou mise \u00e0 jour.<\/p>\n\n\n\n<p>L\u2019\u00e9diteur ne saurait \u00eatre tenu responsable des dommages directs ou indirects r\u00e9sultant de l\u2019acc\u00e8s ou de l\u2019utilisation du site.<\/p>\n\n\n\n<hr class=\"wp-block-separator has-alpha-channel-opacity\"\/>\n\n\n\n<h2 class=\"wp-block-heading\">4. Propri\u00e9t\u00e9 intellectuelle<\/h2>\n\n\n\n<p>L\u2019ensemble du contenu du site <strong>Amarr\u00e9<\/strong> (textes, images, photographies, logos, ic\u00f4nes, graphismes, vid\u00e9os, sons, structure du site, etc.) est prot\u00e9g\u00e9 par les dispositions du Code de la propri\u00e9t\u00e9 intellectuelle.<\/p>\n\n\n\n<p>Toute reproduction, repr\u00e9sentation, modification, publication ou adaptation, totale ou partielle, des \u00e9l\u00e9ments du site, quel que soit le moyen ou le proc\u00e9d\u00e9 utilis\u00e9, est interdite sans l\u2019autorisation \u00e9crite pr\u00e9alable de l\u2019\u00e9diteur.<\/p>\n\n\n\n<p>Toute exploitation non autoris\u00e9e du site ou de l\u2019un quelconque de ses \u00e9l\u00e9ments pourra \u00eatre consid\u00e9r\u00e9e comme constitutive d\u2019une contrefa\u00e7on et poursuivie conform\u00e9ment aux dispositions des articles L.335-2 et suivants du Code de la propri\u00e9t\u00e9 intellectuelle.<\/p>\n\n\n\n<hr class=\"wp-block-separator has-alpha-channel-opacity\"\/>\n\n\n\n<h2 class=\"wp-block-heading\">5. Donn\u00e9es personnelles<\/h2>\n\n\n\n<p>Le site <strong>Amarr\u00e9<\/strong> collecte et traite des donn\u00e9es personnelles dans le respect du R\u00e8glement G\u00e9n\u00e9ral sur la Protection des Donn\u00e9es (RGPD).<\/p>\n\n\n\n<p>Pour plus d\u2019informations sur la collecte et le traitement de vos donn\u00e9es personnelles, veuillez consulter la page <strong>Politique de confidentialit\u00e9<\/strong>.<\/p>\n\n\n\n<hr class=\"wp-block-separator has-alpha-channel-opacity\"\/>\n\n\n\n<h2 class=\"wp-block-heading\">6. Cookies<\/h2>\n\n\n\n<p>Le site <strong>Amarr\u00e9<\/strong> peut \u00eatre amen\u00e9 \u00e0 utiliser des cookies afin d\u2019am\u00e9liorer l\u2019exp\u00e9rience utilisateur et de mesurer l\u2019audience du site.<\/p>\n\n\n\n<p>Lors de votre premi\u00e8re visite, un bandeau cookies vous permet d\u2019accepter ou de refuser l\u2019utilisation des cookies.<\/p>\n\n\n\n<hr class=\"wp-block-separator has-alpha-channel-opacity\"\/>\n\n\n\n<h2 class=\"wp-block-heading\">7. Responsabilit\u00e9<\/h2>\n\n\n\n<p>L\u2019\u00e9diteur s\u2019efforce de fournir sur le site <strong>Amarr\u00e9<\/strong> des informations aussi pr\u00e9cises que possible. Toutefois, il ne saurait garantir l\u2019exactitude, la compl\u00e9tude et l\u2019actualit\u00e9 des informations diffus\u00e9es.<\/p>\n\n\n\n<p>L\u2019utilisateur reconna\u00eet utiliser les informations disponibles sur le site sous sa responsabilit\u00e9 exclusive.<\/p>\n\n\n\n<hr class=\"wp-block-separator has-alpha-channel-opacity\"\/>\n\n\n\n<h2 class=\"wp-block-heading\">8. Droit applicable<\/h2>\n\n\n\n<p>Les pr\u00e9sentes mentions l\u00e9gales sont r\u00e9gies par le droit fran\u00e7ais.<\/p>\n\n\n\n<p>En cas de litige et \u00e0 d\u00e9faut de r\u00e9solution amiable, les tribunaux fran\u00e7ais seront seuls comp\u00e9tents.<\/p>\n\n\n\n<hr class=\"wp-block-separator has-alpha-channel-opacity\"\/>\n\n\n\n<h2 class=\"wp-block-heading\">9. Contact<\/h2>\n\n\n\n<p>Pour toute question ou information concernant le site <strong>Amarr\u00e9<\/strong>, vous pouvez contacter l\u2019\u00e9diteur :<\/p>\n\n\n\n<ul class=\"wp-block-list\">\n<li>Par e-mail : contact@chambres-hotes-sarzeau.fr<\/li>\n<\/ul>\n\n\n\n<hr class=\"wp-block-separator has-alpha-channel-opacity\"\/>\n\n\n\n<p>\u00a9 Amarr\u00e9 \u2013 Tous droits r\u00e9serv\u00e9s<\/p>\n","protected":false},"excerpt":{"rendered":"<p>Conform\u00e9ment aux dispositions des articles 6-III et 19 de la loi n\u00b02004-575 du 21 juin 2004 pour la Confiance dans l\u2019\u00c9conomie Num\u00e9rique (LCEN), il est pr\u00e9cis\u00e9 aux utilisateurs du site Amarr\u00e9 l\u2019identit\u00e9 des diff\u00e9rents intervenants dans le cadre de sa r\u00e9alisation et de son suivi. 1. \u00c9diteur du site Le responsable de la publication est [&hellip;]<\/p>\n","protected":false},"author":1,"featured_media":0,"parent":0,"menu_order":0,"comment_status":"closed","ping_status":"closed","template":"","meta":{"_acf_changed":false,"_seopress_robots_primary_cat":"","_seopress_titles_title":"","_seopress_titles_desc":"","_seopress_robots_index":"","footnotes":""},"class_list":["post-1635","page","type-page","status-publish","hentry"],"acf":[],"jetpack_sharing_enabled":true,"_links":{"self":[{"href":"https:\/\/chambres-hotes-sarzeau.fr\/index.php\/wp-json\/wp\/v2\/pages\/1635","targetHints":{"allow":["GET"]}}],"collection":[{"href":"https:\/\/chambres-hotes-sarzeau.fr\/index.php\/wp-json\/wp\/v2\/pages"}],"about":[{"href":"https:\/\/chambres-hotes-sarzeau.fr\/index.php\/wp-json\/wp\/v2\/types\/page"}],"author":[{"embeddable":true,"href":"https:\/\/chambres-hotes-sarzeau.fr\/index.php\/wp-json\/wp\/v2\/users\/1"}],"replies":[{"embeddable":true,"href":"https:\/\/chambres-hotes-sarzeau.fr\/index.php\/wp-json\/wp\/v2\/comments?post=1635"}],"version-history":[{"count":1,"href":"https:\/\/chambres-hotes-sarzeau.fr\/index.php\/wp-json\/wp\/v2\/pages\/1635\/revisions"}],"predecessor-version":[{"id":1636,"href":"https:\/\/chambres-hotes-sarzeau.fr\/index.php\/wp-json\/wp\/v2\/pages\/1635\/revisions\/1636"}],"wp:attachment":[{"href":"https:\/\/chambres-hotes-sarzeau.fr\/index.php\/wp-json\/wp\/v2\/media?parent=1635"}],"curies":[{"name":"wp","href":"https:\/\/api.w.org\/{rel}","templated":true}]}}