{"id":7,"date":"2025-06-20T10:42:17","date_gmt":"2025-06-20T08:42:17","guid":{"rendered":"http:\/\/chambres-hotes-sarzeau.fr\/index.php\/panier\/"},"modified":"2026-02-04T14:42:56","modified_gmt":"2026-02-04T13:42:56","slug":"panier","status":"publish","type":"page","link":"https:\/\/chambres-hotes-sarzeau.fr\/index.php\/panier\/","title":{"rendered":"Panier"},"content":{"rendered":"\n<div data-block-name=\"woocommerce\/cart\" class=\"wp-block-woocommerce-cart alignwide is-loading\">\n<div data-block-name=\"woocommerce\/filled-cart-block\" class=\"wp-block-woocommerce-filled-cart-block\">\n<div data-block-name=\"woocommerce\/cart-items-block\" class=\"wp-block-woocommerce-cart-items-block\">\n<div data-block-name=\"woocommerce\/cart-line-items-block\" class=\"wp-block-woocommerce-cart-line-items-block\"><\/div>\n\n\n\n<div data-block-name=\"woocommerce\/cart-cross-sells-block\" class=\"wp-block-woocommerce-cart-cross-sells-block\">\n<h2 class=\"wp-block-heading has-large-font-size\">\u00c7a peut vous int\u00e9resser&#8230;<\/h2>\n\n\n\n<div data-block-name=\"woocommerce\/cart-cross-sells-products-block\" class=\"wp-block-woocommerce-cart-cross-sells-products-block\"><\/div>\n<\/div>\n<\/div>\n\n\n\n<div data-block-name=\"woocommerce\/cart-totals-block\" class=\"wp-block-woocommerce-cart-totals-block\">\n<div data-block-name=\"woocommerce\/cart-order-summary-block\" class=\"wp-block-woocommerce-cart-order-summary-block\">\n<div data-block-name=\"woocommerce\/cart-order-summary-heading-block\" class=\"wp-block-woocommerce-cart-order-summary-heading-block\"><\/div><div data-block-name=\"woocommerce\/cart-order-summary-coupon-form-block\" class=\"wp-block-woocommerce-cart-order-summary-coupon-form-block\"><\/div><div data-block-name=\"woocommerce\/cart-order-summary-totals-block\" class=\"wp-block-woocommerce-cart-order-summary-totals-block\">\n<div data-block-name=\"woocommerce\/cart-order-summary-subtotal-block\" class=\"wp-block-woocommerce-cart-order-summary-subtotal-block\"><\/div>\n<div data-block-name=\"woocommerce\/cart-order-summary-discount-block\" class=\"wp-block-woocommerce-cart-order-summary-discount-block\"><\/div>\n<div data-block-name=\"woocommerce\/cart-order-summary-fee-block\" class=\"wp-block-woocommerce-cart-order-summary-fee-block\"><\/div>\n<div data-block-name=\"woocommerce\/cart-order-summary-shipping-block\" class=\"wp-block-woocommerce-cart-order-summary-shipping-block\"><\/div>\n<div data-block-name=\"woocommerce\/cart-order-summary-taxes-block\" class=\"wp-block-woocommerce-cart-order-summary-taxes-block\"><\/div><\/div>\n<\/div>\n\n\n\n<div data-block-name=\"woocommerce\/cart-express-payment-block\" class=\"wp-block-woocommerce-cart-express-payment-block\"><\/div>\n\n\n\n<div data-block-name=\"woocommerce\/proceed-to-checkout-block\" class=\"wp-block-woocommerce-proceed-to-checkout-block\"><\/div>\n<div id=\"ppcp-recaptcha-v2-container\" style=\"margin:20px 0;\"><\/div>\n\n\n<div data-block-name=\"woocommerce\/cart-accepted-payment-methods-block\" class=\"wp-block-woocommerce-cart-accepted-payment-methods-block\"><\/div>\n<\/div>\n<\/div>\n\n\n\n<div data-block-name=\"woocommerce\/empty-cart-block\" class=\"wp-block-woocommerce-empty-cart-block\">\n<h2 class=\"wp-block-heading has-text-align-center with-empty-cart-icon wc-block-cart__empty-cart__title\">Votre panier est actuellement vide\u00a0!<\/h2>\n\n\n\n<hr class=\"wp-block-separator has-alpha-channel-opacity is-style-dots\"\/>\n\n\n\n<h2 class=\"wp-block-heading has-text-align-center\">Nouveau dans la boutique<\/h2>\n\n\n<div data-block-name=\"woocommerce\/product-new\" data-columns=\"4\" data-rows=\"1\" class=\"wc-block-grid wp-block-product-new wp-block-woocommerce-product-new wc-block-product-new has-4-columns\"><ul class=\"wc-block-grid__products\"><li class=\"wc-block-grid__product\">\n\t\t\t\t<a href=\"https:\/\/chambres-hotes-sarzeau.fr\/index.php\/produit\/gite-bambou-cosy-avec-terrasse-et-jardin-plein-de-charme\/\" class=\"wc-block-grid__product-link\">\n\t\t\t\t\t\n\t\t\t\t\t<div class=\"wc-block-grid__product-image\"><img loading=\"lazy\" decoding=\"async\" width=\"300\" height=\"300\" src=\"https:\/\/chambres-hotes-sarzeau.fr\/wp-content\/uploads\/2025\/06\/1724675150396-1-scaled-300x300.jpg\" class=\"attachment-woocommerce_thumbnail size-woocommerce_thumbnail\" alt=\"G\u00eete Bambou : cosy avec terrasse et jardin plein de charme\" \/><\/div>\n\t\t\t\t\t<div class=\"wc-block-grid__product-title\">G\u00eete Bambou : cosy avec terrasse et jardin plein de charme<\/div>\n\t\t\t\t<\/a>\n\t\t\t\t<div class=\"wc-block-grid__product-price price\"><\/div>\n\t\t\t\t\n\t\t\t\t<div class=\"wp-block-button wc-block-grid__product-add-to-cart\"><a href=\"https:\/\/chambres-hotes-sarzeau.fr\/index.php\/produit\/gite-bambou-cosy-avec-terrasse-et-jardin-plein-de-charme\/\" aria-label=\"En savoir plus sur &ldquo;G\u00eete Bambou : cosy avec terrasse et jardin plein de charme&rdquo;\" data-quantity=\"1\" data-product_id=\"1407\" data-product_sku=\"\" data-price=\"0\" rel=\"nofollow\" class=\"wp-block-button__link wp-element-button add_to_cart_button\">Lire la suite<\/a><\/div>\n\t\t\t<\/li><li class=\"wc-block-grid__product\">\n\t\t\t\t<a href=\"https:\/\/chambres-hotes-sarzeau.fr\/index.php\/produit\/la-chambre-ebene\/\" class=\"wc-block-grid__product-link\">\n\t\t\t\t\t\n\t\t\t\t\t<div class=\"wc-block-grid__product-image\"><img loading=\"lazy\" decoding=\"async\" width=\"300\" height=\"300\" src=\"https:\/\/chambres-hotes-sarzeau.fr\/wp-content\/uploads\/2025\/06\/ebene-accroche1-sarzeau-golfedumorbihan-300x300.jpg\" class=\"attachment-woocommerce_thumbnail size-woocommerce_thumbnail\" alt=\"La chambre Eb\u00e8ne \u2013 Lumineuse avec terrasse et vue sur la campagne\" srcset=\"https:\/\/chambres-hotes-sarzeau.fr\/wp-content\/uploads\/2025\/06\/ebene-accroche1-sarzeau-golfedumorbihan-300x300.jpg 300w, https:\/\/chambres-hotes-sarzeau.fr\/wp-content\/uploads\/2025\/06\/ebene-accroche1-sarzeau-golfedumorbihan-150x150.jpg 150w, https:\/\/chambres-hotes-sarzeau.fr\/wp-content\/uploads\/2025\/06\/ebene-accroche1-sarzeau-golfedumorbihan-100x100.jpg 100w\" sizes=\"auto, (max-width: 300px) 100vw, 300px\" \/><\/div>\n\t\t\t\t\t<div class=\"wc-block-grid__product-title\">La chambre Eb\u00e8ne \u2013 Lumineuse avec terrasse et vue sur la campagne<\/div>\n\t\t\t\t<\/a>\n\t\t\t\t<div class=\"wc-block-grid__product-price price\"><\/div>\n\t\t\t\t\n\t\t\t\t<div class=\"wp-block-button wc-block-grid__product-add-to-cart\"><a href=\"https:\/\/chambres-hotes-sarzeau.fr\/index.php\/produit\/la-chambre-ebene\/\" aria-label=\"En savoir plus sur &ldquo;La chambre Eb\u00e8ne \u2013 Lumineuse avec terrasse et vue sur la campagne&rdquo;\" data-quantity=\"1\" data-product_id=\"1332\" data-product_sku=\"\" data-price=\"0\" rel=\"nofollow\" class=\"wp-block-button__link wp-element-button add_to_cart_button\">Lire la suite<\/a><\/div>\n\t\t\t<\/li><li class=\"wc-block-grid__product\">\n\t\t\t\t<a href=\"https:\/\/chambres-hotes-sarzeau.fr\/index.php\/produit\/la-chambre-palissandre-elegance-et-lumiere-naturelle\/\" class=\"wc-block-grid__product-link\">\n\t\t\t\t\t\n\t\t\t\t\t<div class=\"wc-block-grid__product-image\"><img loading=\"lazy\" decoding=\"async\" width=\"300\" height=\"300\" src=\"https:\/\/chambres-hotes-sarzeau.fr\/wp-content\/uploads\/2025\/06\/Chambre-dhotes-palissandre-sarzeau-1-2-300x300.jpg\" class=\"attachment-woocommerce_thumbnail size-woocommerce_thumbnail\" alt=\"La chambre Palissandre \u2014 \u00c9l\u00e9gance et lumi\u00e8re naturelle\" srcset=\"https:\/\/chambres-hotes-sarzeau.fr\/wp-content\/uploads\/2025\/06\/Chambre-dhotes-palissandre-sarzeau-1-2-300x300.jpg 300w, https:\/\/chambres-hotes-sarzeau.fr\/wp-content\/uploads\/2025\/06\/Chambre-dhotes-palissandre-sarzeau-1-2-150x150.jpg 150w, https:\/\/chambres-hotes-sarzeau.fr\/wp-content\/uploads\/2025\/06\/Chambre-dhotes-palissandre-sarzeau-1-2-100x100.jpg 100w\" sizes=\"auto, (max-width: 300px) 100vw, 300px\" \/><\/div>\n\t\t\t\t\t<div class=\"wc-block-grid__product-title\">La chambre Palissandre \u2014 \u00c9l\u00e9gance et lumi\u00e8re naturelle<\/div>\n\t\t\t\t<\/a>\n\t\t\t\t<div class=\"wc-block-grid__product-price price\"><\/div>\n\t\t\t\t\n\t\t\t\t<div class=\"wp-block-button wc-block-grid__product-add-to-cart\"><a href=\"https:\/\/chambres-hotes-sarzeau.fr\/index.php\/produit\/la-chambre-palissandre-elegance-et-lumiere-naturelle\/\" aria-label=\"En savoir plus sur &ldquo;La chambre Palissandre \u2014 \u00c9l\u00e9gance et lumi\u00e8re naturelle&rdquo;\" data-quantity=\"1\" data-product_id=\"1322\" data-product_sku=\"\" data-price=\"0\" rel=\"nofollow\" class=\"wp-block-button__link wp-element-button add_to_cart_button\">Lire la suite<\/a><\/div>\n\t\t\t<\/li><\/ul><\/div><\/div>\n<\/div>\n","protected":false},"excerpt":{"rendered":"","protected":false},"author":1,"featured_media":0,"parent":0,"menu_order":0,"comment_status":"closed","ping_status":"closed","template":"","meta":{"_acf_changed":false,"_seopress_robots_primary_cat":"","_seopress_titles_title":"","_seopress_titles_desc":"","_seopress_robots_index":"","footnotes":""},"class_list":["post-7","page","type-page","status-publish","hentry"],"acf":[],"jetpack_sharing_enabled":true,"_links":{"self":[{"href":"https:\/\/chambres-hotes-sarzeau.fr\/index.php\/wp-json\/wp\/v2\/pages\/7","targetHints":{"allow":["GET"]}}],"collection":[{"href":"https:\/\/chambres-hotes-sarzeau.fr\/index.php\/wp-json\/wp\/v2\/pages"}],"about":[{"href":"https:\/\/chambres-hotes-sarzeau.fr\/index.php\/wp-json\/wp\/v2\/types\/page"}],"author":[{"embeddable":true,"href":"https:\/\/chambres-hotes-sarzeau.fr\/index.php\/wp-json\/wp\/v2\/users\/1"}],"replies":[{"embeddable":true,"href":"https:\/\/chambres-hotes-sarzeau.fr\/index.php\/wp-json\/wp\/v2\/comments?post=7"}],"version-history":[{"count":1,"href":"https:\/\/chambres-hotes-sarzeau.fr\/index.php\/wp-json\/wp\/v2\/pages\/7\/revisions"}],"predecessor-version":[{"id":59,"href":"https:\/\/chambres-hotes-sarzeau.fr\/index.php\/wp-json\/wp\/v2\/pages\/7\/revisions\/59"}],"wp:attachment":[{"href":"https:\/\/chambres-hotes-sarzeau.fr\/index.php\/wp-json\/wp\/v2\/media?parent=7"}],"curies":[{"name":"wp","href":"https:\/\/api.w.org\/{rel}","templated":true}]}}