{"id":1332,"date":"2025-06-20T14:50:37","date_gmt":"2025-06-20T12:50:37","guid":{"rendered":"http:\/\/chambres-hotes-sarzeau.fr\/?post_type=product&#038;p=1332"},"modified":"2026-03-27T10:36:38","modified_gmt":"2026-03-27T09:36:38","slug":"la-chambre-ebene","status":"publish","type":"product","link":"https:\/\/chambres-hotes-sarzeau.fr\/index.php\/produit\/la-chambre-ebene\/","title":{"rendered":"La chambre Eb\u00e8ne \u2013 Lumineuse avec terrasse et vue sur la campagne"},"content":{"rendered":"\n<h3 class=\"wp-block-heading has-text-color has-link-color has-large-font-size wp-elements-2115e31df125cea72b0de407d1b4b0a3\" style=\"color:#123d0f\">A partir de <strong>100 Euros<\/strong> <strong>la nuit<\/strong> Petit d\u00e9jeuner inclus<\/h3>\n\n\n\n<h3 class=\"wp-block-heading has-primary-color has-text-color has-link-color wp-elements-9e6fdfae56f2b47af8b74c54730ecedf\"><strong>Un havre de lumi\u00e8re au caract\u00e8re affirm\u00e9<\/strong><\/h3>\n\n\n\n<p>Envie d\u2019une <strong>parenth\u00e8se d\u00e9paysante<\/strong> dans un lieu qui sort de l\u2019ordinaire ?<br>La <strong>chambre Eb\u00e8ne<\/strong> vous s\u00e9duira par son ambiance <strong>pop, joyeuse et d\u00e9cal\u00e9e<\/strong>, baign\u00e9e de <strong>lumi\u00e8re naturelle<\/strong> et charg\u00e9e de <strong>charme<\/strong>.<\/p>\n\n\n\n<hr class=\"wp-block-separator has-alpha-channel-opacity\"\/>\n\n\n\n<h3 class=\"wp-block-heading has-primary-color has-text-color has-link-color wp-elements-99e844b9a941e9478275e152a243d0e8\"><strong>Vue imprenable sur la nature<\/strong><\/h3>\n\n\n\n<p>Depuis votre <strong>terrasse priv\u00e9e<\/strong>, laissez-vous inspirer par un <strong>panorama exceptionnel sur la campagne<\/strong> environnante.<br>Un cadre r\u00eav\u00e9 pour <strong>se d\u00e9tendre<\/strong>, <strong>lire<\/strong>, ou simplement <strong>profiter du moment pr\u00e9sent<\/strong>.<\/p>\n\n\n\n<hr class=\"wp-block-separator has-alpha-channel-opacity\"\/>\n\n\n\n<h3 class=\"wp-block-heading has-primary-color has-text-color has-link-color wp-elements-1a1098fffc24d7501ba535ba4c5de527\"><strong>Une chambre pas comme les autres<\/strong><\/h3>\n\n\n\n<p>Ni standardis\u00e9e, ni impersonnelle : cette chambre est <strong>un cocon singulier<\/strong> pour celles et ceux qui recherchent <strong>une vraie exp\u00e9rience<\/strong>.<br>Un lieu \u00e0 <strong>vivre<\/strong>, \u00e0 <strong>ressentir<\/strong>, \u00e0 <strong>partager<\/strong>.<\/p>\n\n\n\n<hr class=\"wp-block-separator has-alpha-channel-opacity\"\/>\n\n\n\n<h3 class=\"wp-block-heading has-primary-color has-text-color has-link-color wp-elements-01bccb5cf1bdff2b8047054b97d2a1a3\"><strong>Venez voir par vous-m\u00eame\u2026<\/strong><\/h3>\n\n\n\n<p class=\"has-text-color has-link-color wp-elements-45cf18eb1ce47bf5995d4c2a330e2e15\" style=\"color:#123d0f\">Envie d\u2019un s\u00e9jour hors du commun ?<br><strong>R\u00e9servez d\u00e8s maintenant la chambre Eb\u00e8ne \u00e0 partir de 100 Euros la nuit Petit d\u00e9jeuner inclus et laissez-vous surprendre.<\/strong>.<\/p>\n\n\n\n<p><\/p>\n\n\n\n<div class=\"wp-block-group alignwide has-global-padding is-layout-constrained wp-container-core-group-is-layout-ae9dff04 wp-block-group-is-layout-constrained\" style=\"margin-top:var(--wp--preset--spacing--30);margin-bottom:var(--wp--preset--spacing--30)\">\n<h2 class=\"wp-block-heading alignwide has-primary-color has-text-color has-link-color wp-elements-3aa70ed038d2e4d93b7888beea73532d\" style=\"font-size:clamp(14.642px, 0.915rem + ((1vw - 3.2px) * 0.759), 22px);font-style:normal;font-weight:500;line-height:1.36\">Chambre Eb\u00e8ne ( 2 personnes )<\/h2>\n\n\n\n<div class=\"wp-block-columns alignwide is-layout-flex wp-container-core-columns-is-layout-9dc1b829 wp-block-columns-is-layout-flex\" style=\"margin-top:24px\">\n<div class=\"wp-block-column is-layout-flow wp-block-column-is-layout-flow\">\n<div class=\"wp-block-group has-global-padding is-layout-constrained wp-block-group-is-layout-constrained\">\n<h2 class=\"wp-block-heading single-heading flex has-contrast-color has-text-color has-link-color wp-elements-cb8a8f81c8a0cffaac53c2b4d71741f2\" style=\"font-size:clamp(14px, 0.875rem + ((1vw - 3.2px) * 0.206), 16px);font-style:normal;font-weight:500;line-height:1.91\"> Chambres de 21 m 2 ( 1er \u00e9tage )<\/h2>\n\n\n\n<div class=\"wp-block-group is-content-justification-space-between is-nowrap is-layout-flex wp-container-core-group-is-layout-a89cfc96 wp-block-group-is-layout-flex\" style=\"border-bottom-color:var(--wp--preset--color--gray);border-bottom-width:1px;margin-top:0;margin-bottom:0;padding-top:14px;padding-bottom:13px\">\n<p style=\"text-transform:capitalize\">\u2705 1 lit de 160*200<\/p>\n<\/div>\n\n\n\n<div class=\"wp-block-group is-content-justification-space-between is-nowrap is-layout-flex wp-container-core-group-is-layout-212ebdc0 wp-block-group-is-layout-flex\" style=\"border-bottom-color:var(--wp--preset--color--gray);border-bottom-width:1px;margin-top:0;margin-bottom:0;padding-top:14px;padding-bottom:13px\">\n<p style=\"text-transform:capitalize\">\u2705 Coin salon<\/p>\n<\/div>\n\n\n\n<div class=\"wp-block-group is-content-justification-space-between is-nowrap is-layout-flex wp-container-core-group-is-layout-212ebdc0 wp-block-group-is-layout-flex\" style=\"border-bottom-color:var(--wp--preset--color--gray);border-bottom-width:1px;margin-top:0;margin-bottom:0;padding-top:14px;padding-bottom:13px\">\n<p style=\"text-transform:capitalize\">\u2705 Entr\u00e9e Commune<\/p>\n<\/div>\n\n\n\n<div class=\"wp-block-group is-content-justification-space-between is-nowrap is-layout-flex wp-container-core-group-is-layout-212ebdc0 wp-block-group-is-layout-flex\" style=\"border-bottom-color:var(--wp--preset--color--gray);border-bottom-width:1px;margin-top:0;margin-bottom:0;padding-top:14px;padding-bottom:13px\">\n<p style=\"text-transform:capitalize\">\u2705 T\u00e9l\u00e9vision<\/p>\n<\/div>\n\n\n\n<div class=\"wp-block-group is-content-justification-space-between is-nowrap is-layout-flex wp-container-core-group-is-layout-212ebdc0 wp-block-group-is-layout-flex\" style=\"border-bottom-color:var(--wp--preset--color--gray);border-bottom-width:1px;margin-top:0;margin-bottom:0;padding-top:14px;padding-bottom:13px\">\n<p style=\"text-transform:capitalize\">\u2705 Linge de lit<\/p>\n<\/div>\n\n\n\n<div class=\"wp-block-group is-content-justification-space-between is-nowrap is-layout-flex wp-container-core-group-is-layout-212ebdc0 wp-block-group-is-layout-flex\" style=\"border-bottom-color:var(--wp--preset--color--gray);border-bottom-width:1px;margin-top:0;margin-bottom:0;padding-top:14px;padding-bottom:13px\">\n<p style=\"text-transform:capitalize\">\u2705 Armoire \/ Penderie<\/p>\n<\/div>\n<\/div>\n<\/div>\n\n\n\n<div class=\"wp-block-column is-layout-flow wp-block-column-is-layout-flow\">\n<div class=\"wp-block-group has-global-padding is-layout-constrained wp-block-group-is-layout-constrained\">\n<h2 class=\"wp-block-heading single-heading flex has-contrast-color has-text-color has-link-color wp-elements-d709d1788ab830da2e3533b52930c638\" style=\"font-size:clamp(14px, 0.875rem + ((1vw - 3.2px) * 0.206), 16px);font-style:normal;font-weight:500;line-height:1.91\">Salle de bains priv\u00e9e<\/h2>\n\n\n\n<div class=\"wp-block-group is-content-justification-space-between is-nowrap is-layout-flex wp-container-core-group-is-layout-212ebdc0 wp-block-group-is-layout-flex\" style=\"border-bottom-color:var(--wp--preset--color--gray);border-bottom-width:1px;margin-top:0;margin-bottom:0;padding-top:14px;padding-bottom:13px\">\n<p style=\"text-transform:capitalize\">\u2705 Douche<\/p>\n<\/div>\n\n\n\n<div class=\"wp-block-group is-content-justification-space-between is-nowrap is-layout-flex wp-container-core-group-is-layout-212ebdc0 wp-block-group-is-layout-flex\" style=\"border-bottom-color:var(--wp--preset--color--gray);border-bottom-width:1px;margin-top:0;margin-bottom:0;padding-top:14px;padding-bottom:13px\">\n<p style=\"text-transform:capitalize\">\u2705 Vasque<\/p>\n<\/div>\n\n\n\n<div class=\"wp-block-group is-content-justification-space-between is-nowrap is-layout-flex wp-container-core-group-is-layout-212ebdc0 wp-block-group-is-layout-flex\" style=\"border-bottom-color:var(--wp--preset--color--gray);border-bottom-width:1px;margin-top:0;margin-bottom:0;padding-top:14px;padding-bottom:13px\">\n<p style=\"text-transform:capitalize\">\u2705 Linge de Toilette<\/p>\n<\/div>\n\n\n\n<div class=\"wp-block-group is-content-justification-space-between is-nowrap is-layout-flex wp-container-core-group-is-layout-212ebdc0 wp-block-group-is-layout-flex\" style=\"border-bottom-color:var(--wp--preset--color--gray);border-bottom-width:1px;margin-top:0;margin-bottom:0;padding-top:14px;padding-bottom:13px\">\n<p style=\"text-transform:capitalize\">\u2705 Savon \/ Shampoing<\/p>\n<\/div>\n\n\n\n<div class=\"wp-block-group is-content-justification-space-between is-nowrap is-layout-flex wp-container-core-group-is-layout-212ebdc0 wp-block-group-is-layout-flex\" style=\"margin-top:0;margin-bottom:0;padding-top:14px;padding-bottom:13px\">\n<p style=\"text-transform:capitalize\">\u2705 S\u00e8che-cheveux<\/p>\n<\/div>\n<\/div>\n<\/div>\n\n\n\n<div class=\"wp-block-column is-layout-flow wp-block-column-is-layout-flow\">\n<div class=\"wp-block-group has-global-padding is-layout-constrained wp-block-group-is-layout-constrained\">\n<h2 class=\"wp-block-heading single-heading flex has-contrast-color has-text-color has-link-color wp-elements-d629d1ca38dbf1587c9f6c42f63433d5\" style=\"font-size:clamp(14px, 0.875rem + ((1vw - 3.2px) * 0.206), 16px);font-style:normal;font-weight:500;line-height:1.91\">Ext\u00e9rieur<\/h2>\n\n\n\n<div class=\"wp-block-group is-content-justification-space-between is-nowrap is-layout-flex wp-container-core-group-is-layout-212ebdc0 wp-block-group-is-layout-flex\" style=\"border-bottom-color:var(--wp--preset--color--gray);border-bottom-width:1px;margin-top:0;margin-bottom:0;padding-top:14px;padding-bottom:13px\">\n<p style=\"text-transform:capitalize\">\u2705 Vue sur le Jardin<\/p>\n<\/div>\n\n\n\n<div class=\"wp-block-group is-content-justification-space-between is-nowrap is-layout-flex wp-container-core-group-is-layout-212ebdc0 wp-block-group-is-layout-flex\" style=\"border-bottom-color:var(--wp--preset--color--gray);border-bottom-width:1px;margin-top:0;margin-bottom:0;padding-top:14px;padding-bottom:13px\">\n<p style=\"text-transform:capitalize\">\u2705 Terrasse priv\u00e9e<\/p>\n<\/div>\n\n\n\n<div class=\"wp-block-group is-content-justification-space-between is-nowrap is-layout-flex wp-container-core-group-is-layout-b9c56fd9 wp-block-group-is-layout-flex\" style=\"border-bottom-color:var(--wp--preset--color--gray);border-bottom-width:1px;margin-top:0;margin-bottom:0;padding-top:14px;padding-bottom:12px\">\n<p style=\"text-transform:capitalize\">\u2705 Mobilier de Jardin (Tables,..)<\/p>\n<\/div>\n\n\n\n<div class=\"wp-block-group is-content-justification-space-between is-nowrap is-layout-flex wp-container-core-group-is-layout-b9c56fd9 wp-block-group-is-layout-flex\" style=\"border-bottom-color:var(--wp--preset--color--gray);border-bottom-width:1px;margin-top:0;margin-bottom:0;padding-top:14px;padding-bottom:12px\">\n<p style=\"text-transform:capitalize\">\u2705 Transats<\/p>\n<\/div>\n<\/div>\n\n\n\n<div class=\"wp-block-group has-global-padding is-layout-constrained wp-block-group-is-layout-constrained\">\n<h2 class=\"wp-block-heading single-heading flex has-contrast-color has-text-color has-link-color wp-elements-ef303734abbb34312ba51320113d29f4\" style=\"font-size:clamp(14px, 0.875rem + ((1vw - 3.2px) * 0.206), 16px);font-style:normal;font-weight:500;line-height:1.91\">WC priv\u00e9 dans la salle de Bains<\/h2>\n<\/div>\n<\/div>\n<\/div>\n<\/div>\n","protected":false},"excerpt":{"rendered":"<p>A partir de 100 Euros la nuit Petit d\u00e9jeuner inclus Un havre de lumi\u00e8re au caract\u00e8re affirm\u00e9 Envie d\u2019une parenth\u00e8se d\u00e9paysante dans un lieu qui sort de l\u2019ordinaire ?La chambre Eb\u00e8ne vous s\u00e9duira par son ambiance pop, joyeuse et d\u00e9cal\u00e9e, baign\u00e9e de lumi\u00e8re naturelle et charg\u00e9e de charme. Vue imprenable sur la nature Depuis votre [&hellip;]<\/p>\n","protected":false},"featured_media":1535,"comment_status":"open","ping_status":"closed","template":"","meta":{"_acf_changed":false,"_seopress_robots_primary_cat":"","_seopress_titles_title":"Chambre \u00c9b\u00e8ne \u00e0 Sarzeau | Terrasse & nature calme - Bretagne","_seopress_titles_desc":"R\u00e9server votre Chambre d\u2019h\u00f4tes \u00e0 Sarzeau, \u00c9b\u00e8ne pour 2 personnes avec terrasse priv\u00e9e, dans un cadre calme proche du Golfe du Morbihan en bretagne et des plages.","_seopress_robots_index":""},"product_brand":[],"product_cat":[15],"product_tag":[],"class_list":{"0":"post-1332","1":"product","2":"type-product","3":"status-publish","4":"has-post-thumbnail","6":"product_cat-chambres-d-hotes","8":"first","9":"instock","10":"sold-individually","11":"shipping-taxable","12":"purchasable","13":"product-type-accommodation-booking"},"booking_location":"","booking_location_type":"","booking_duration":1,"booking_duration_unit":"night","booking_buffer":0,"booking_cost":0,"booking_resources":[],"acf":[],"jetpack_sharing_enabled":true,"_links":{"self":[{"href":"https:\/\/chambres-hotes-sarzeau.fr\/index.php\/wp-json\/wp\/v2\/product\/1332","targetHints":{"allow":["GET"]}}],"collection":[{"href":"https:\/\/chambres-hotes-sarzeau.fr\/index.php\/wp-json\/wp\/v2\/product"}],"about":[{"href":"https:\/\/chambres-hotes-sarzeau.fr\/index.php\/wp-json\/wp\/v2\/types\/product"}],"replies":[{"embeddable":true,"href":"https:\/\/chambres-hotes-sarzeau.fr\/index.php\/wp-json\/wp\/v2\/comments?post=1332"}],"wp:featuredmedia":[{"embeddable":true,"href":"https:\/\/chambres-hotes-sarzeau.fr\/index.php\/wp-json\/wp\/v2\/media\/1535"}],"wp:attachment":[{"href":"https:\/\/chambres-hotes-sarzeau.fr\/index.php\/wp-json\/wp\/v2\/media?parent=1332"}],"wp:term":[{"taxonomy":"product_brand","embeddable":true,"href":"https:\/\/chambres-hotes-sarzeau.fr\/index.php\/wp-json\/wp\/v2\/product_brand?post=1332"},{"taxonomy":"product_cat","embeddable":true,"href":"https:\/\/chambres-hotes-sarzeau.fr\/index.php\/wp-json\/wp\/v2\/product_cat?post=1332"},{"taxonomy":"product_tag","embeddable":true,"href":"https:\/\/chambres-hotes-sarzeau.fr\/index.php\/wp-json\/wp\/v2\/product_tag?post=1332"}],"curies":[{"name":"wp","href":"https:\/\/api.w.org\/{rel}","templated":true}]}}